{"id":24,"date":"2023-12-01T15:43:57","date_gmt":"2023-12-01T15:43:57","guid":{"rendered":"https:\/\/www.svenskfoodservice.se\/produkter\/"},"modified":"2023-12-12T12:10:26","modified_gmt":"2023-12-12T11:10:26","slug":"produkter","status":"publish","type":"page","link":"https:\/\/www.svenskfoodservice.se\/en\/produkter\/","title":{"rendered":"Products"},"content":{"rendered":"<div data-elementor-type=\"wp-page\" data-elementor-id=\"24\" class=\"elementor elementor-24\" data-elementor-post-type=\"page\">\n\t\t\t\t\t\t\t<div class=\"elementor-element elementor-element-7efd46a9 e-con-full customcover e-flex e-con e-parent\" data-id=\"7efd46a9\" data-element_type=\"container\" data-settings=\"{&quot;background_background&quot;:&quot;classic&quot;,&quot;content_width&quot;:&quot;full&quot;,&quot;shape_divider_bottom&quot;:&quot;opacity-tilt&quot;}\" data-core-v316-plus=\"true\">\n\t\t\t\t<div class=\"elementor-shape elementor-shape-bottom\" data-negative=\"false\">\n\t\t\t<svg xmlns=\"http:\/\/www.w3.org\/2000\/svg\" viewbox=\"0 0 2600 131.1\" preserveaspectratio=\"none\">\n\t<path class=\"elementor-shape-fill\" d=\"M0 0L2600 0 2600 69.1 0 0z\"\/>\n\t<path class=\"elementor-shape-fill\" style=\"opacity:0.5\" d=\"M0 0L2600 0 2600 69.1 0 69.1z\"\/>\n\t<path class=\"elementor-shape-fill\" style=\"opacity:0.25\" d=\"M2600 0L0 0 0 130.1 2600 69.1z\"\/>\n<\/svg>\t\t<\/div>\n\t\t<div class=\"elementor-element elementor-element-a4b8b26 e-con-full e-flex e-con e-child\" data-id=\"a4b8b26\" data-element_type=\"container\" data-settings=\"{&quot;content_width&quot;:&quot;full&quot;,&quot;background_background&quot;:&quot;classic&quot;}\">\n\t\t\t\t<div class=\"elementor-element elementor-element-25a79a2a animated-slow elementor-invisible elementor-widget elementor-widget-heading\" data-id=\"25a79a2a\" data-element_type=\"widget\" data-settings=\"{&quot;_animation&quot;:&quot;fadeIn&quot;}\" data-widget_type=\"heading.default\">\n\t\t\t\t<div class=\"elementor-widget-container\">\n\t\t\t<style>\/*! elementor - v3.18.0 - 20-12-2023 *\/\n.elementor-heading-title{padding:0;margin:0;line-height:1}.elementor-widget-heading .elementor-heading-title[class*=elementor-size-]>a{color:inherit;font-size:inherit;line-height:inherit}.elementor-widget-heading .elementor-heading-title.elementor-size-small{font-size:15px}.elementor-widget-heading .elementor-heading-title.elementor-size-medium{font-size:19px}.elementor-widget-heading .elementor-heading-title.elementor-size-large{font-size:29px}.elementor-widget-heading .elementor-heading-title.elementor-size-xl{font-size:39px}.elementor-widget-heading .elementor-heading-title.elementor-size-xxl{font-size:59px}<\/style><h2 class=\"elementor-heading-title elementor-size-default\">A selection of our products<\/h2>\t\t<\/div>\n\t\t\t\t<\/div>\n\t\t\t\t<div class=\"elementor-element elementor-element-152a153b animated-slow elementor-invisible elementor-widget elementor-widget-text-editor\" data-id=\"152a153b\" data-element_type=\"widget\" data-settings=\"{&quot;_animation&quot;:&quot;fadeInUp&quot;}\" data-widget_type=\"text-editor.default\">\n\t\t\t\t<div class=\"elementor-widget-container\">\n\t\t\t<style>\/*! elementor - v3.18.0 - 20-12-2023 *\/\n.elementor-widget-text-editor.elementor-drop-cap-view-stacked .elementor-drop-cap{background-color:#69727d;color:#fff}.elementor-widget-text-editor.elementor-drop-cap-view-framed .elementor-drop-cap{color:#69727d;border:3px solid;background-color:transparent}.elementor-widget-text-editor:not(.elementor-drop-cap-view-default) .elementor-drop-cap{margin-top:8px}.elementor-widget-text-editor:not(.elementor-drop-cap-view-default) .elementor-drop-cap-letter{width:1em;height:1em}.elementor-widget-text-editor .elementor-drop-cap{float:left;text-align:center;line-height:1;font-size:50px}.elementor-widget-text-editor .elementor-drop-cap-letter{display:inline-block}<\/style>\t\t\t\t<p>Southern Sweden's freshest HoReCa wholesaler with extensive knowledge of fruit, vegetables, colonial goods, frozen goods and dairies.<\/p>\t\t\t\t\t\t<\/div>\n\t\t\t\t<\/div>\n\t\t\t\t<\/div>\n\t\t\t\t<\/div>\n\t\t<div class=\"elementor-element elementor-element-2b18ff8b e-con-full e-flex e-con e-parent\" data-id=\"2b18ff8b\" data-element_type=\"container\" id=\"fruktgront\" data-settings=\"{&quot;content_width&quot;:&quot;full&quot;,&quot;shape_divider_bottom&quot;:&quot;opacity-tilt&quot;,&quot;shape_divider_top&quot;:&quot;opacity-tilt&quot;,&quot;background_background&quot;:&quot;classic&quot;}\" data-core-v316-plus=\"true\">\n\t\t\t\t<div class=\"elementor-shape elementor-shape-top\" data-negative=\"false\">\n\t\t\t<svg xmlns=\"http:\/\/www.w3.org\/2000\/svg\" viewbox=\"0 0 2600 131.1\" preserveaspectratio=\"none\">\n\t<path class=\"elementor-shape-fill\" d=\"M0 0L2600 0 2600 69.1 0 0z\"\/>\n\t<path class=\"elementor-shape-fill\" style=\"opacity:0.5\" d=\"M0 0L2600 0 2600 69.1 0 69.1z\"\/>\n\t<path class=\"elementor-shape-fill\" style=\"opacity:0.25\" d=\"M2600 0L0 0 0 130.1 2600 69.1z\"\/>\n<\/svg>\t\t<\/div>\n\t\t\t\t<div class=\"elementor-shape elementor-shape-bottom\" data-negative=\"false\">\n\t\t\t<svg xmlns=\"http:\/\/www.w3.org\/2000\/svg\" viewbox=\"0 0 2600 131.1\" preserveaspectratio=\"none\">\n\t<path class=\"elementor-shape-fill\" d=\"M0 0L2600 0 2600 69.1 0 0z\"\/>\n\t<path class=\"elementor-shape-fill\" style=\"opacity:0.5\" d=\"M0 0L2600 0 2600 69.1 0 69.1z\"\/>\n\t<path class=\"elementor-shape-fill\" style=\"opacity:0.25\" d=\"M2600 0L0 0 0 130.1 2600 69.1z\"\/>\n<\/svg>\t\t<\/div>\n\t\t<div class=\"elementor-element elementor-element-37a54633 e-con-full e-flex e-con e-child\" data-id=\"37a54633\" data-element_type=\"container\" id=\"mejeri\" data-settings=\"{&quot;content_width&quot;:&quot;full&quot;,&quot;background_background&quot;:&quot;classic&quot;}\">\n\t\t<div class=\"elementor-element elementor-element-1d61f99d e-con-full animated-slow e-flex elementor-invisible e-con e-child\" data-id=\"1d61f99d\" data-element_type=\"container\" data-settings=\"{&quot;content_width&quot;:&quot;full&quot;,&quot;background_background&quot;:&quot;classic&quot;,&quot;animation&quot;:&quot;fadeInUp&quot;,&quot;animation_delay&quot;:400}\">\n\t\t<div class=\"elementor-element elementor-element-49929582 e-flex e-con-boxed e-con e-child\" data-id=\"49929582\" data-element_type=\"container\" data-settings=\"{&quot;background_background&quot;:&quot;classic&quot;,&quot;content_width&quot;:&quot;boxed&quot;}\">\n\t\t\t\t\t<div class=\"e-con-inner\">\n\t\t\t\t<div class=\"elementor-element elementor-element-210e2523 elementor-widget elementor-widget-heading\" data-id=\"210e2523\" data-element_type=\"widget\" data-widget_type=\"heading.default\">\n\t\t\t\t<div class=\"elementor-widget-container\">\n\t\t\t<h2 class=\"elementor-heading-title elementor-size-default\">Fruit &amp; vegetables<\/h2>\t\t<\/div>\n\t\t\t\t<\/div>\n\t\t\t\t\t<\/div>\n\t\t\t\t<\/div>\n\t\t\t\t<\/div>\n\t\t<div class=\"elementor-element elementor-element-41b7fd41 e-con-full animated-slow e-flex elementor-invisible e-con e-child\" data-id=\"41b7fd41\" data-element_type=\"container\" data-settings=\"{&quot;content_width&quot;:&quot;full&quot;,&quot;animation&quot;:&quot;fadeInRight&quot;}\">\n\t\t\t\t<div class=\"elementor-element elementor-element-55384de5 elementor-widget elementor-widget-heading\" data-id=\"55384de5\" data-element_type=\"widget\" data-widget_type=\"heading.default\">\n\t\t\t\t<div class=\"elementor-widget-container\">\n\t\t\t<h2 class=\"elementor-heading-title elementor-size-default\">Fruit &amp; Vegetables from Svensk FoodService<\/h2>\t\t<\/div>\n\t\t\t\t<\/div>\n\t\t\t\t<div class=\"elementor-element elementor-element-78ba1fe8 elementor-widget elementor-widget-text-editor\" data-id=\"78ba1fe8\" data-element_type=\"widget\" data-widget_type=\"text-editor.default\">\n\t\t\t\t<div class=\"elementor-widget-container\">\n\t\t\t\t\t\t\t<h3>Always fresh vegetables!<\/h3><p>We receive daily deliveries of fruit and vegetables from both Swedish growers and abroad.<\/p><p>Without middlemen, we ensure that the lead time from when the product is ready at the farmer, or producer, to when you have the product in your hand is minimal. We work hard to ensure that you have the freshest products possible.\u00a0<\/p><h3>Great location in Helsingborg for fast deliveries<\/h3><p>We are strategically located close to many of our major suppliers who work with fruit and vegetables. We have a lot of pre-peeled, pre-sliced \u200b\u200band pre-rinsed from companis around Helsingborg.<\/p><p>With our suppliers close at hand, we can pick up in the morning and deliver the products to you the same day.\u00a0<\/p><h3>Large selection of fruit &amp; vegetables ready to prepare directly from well known brands<\/h3><p>We have a solid assortment of fruit &amp; vegetables. You will find, among other things, berries, citrus fruits, exotic fruits, mushrooms, cabbage and fresh spices in addition to the obvious such as salad, potatoes and fruit.<\/p><p>We also have many of our products ready to cook. Including pre-rinsed lettuce, shredded or diced onions, peeled root vegetables, peeled, grated, split or diced potatoes and shredded beetroot.\u00a0<\/p><h3>We always hunt for the best suppliers for you<\/h3><p>Our suppliers are well known in the market and we are always looking for the best ones. We listen to our customers needs and ensure that you always get the best possible within each segment.<\/p>\t\t\t\t\t\t<\/div>\n\t\t\t\t<\/div>\n\t\t\t\t<\/div>\n\t\t\t\t<\/div>\n\t\t<div class=\"elementor-element elementor-element-74669904 e-con-full e-flex e-con e-child\" data-id=\"74669904\" data-element_type=\"container\" id=\"avokado\" data-settings=\"{&quot;content_width&quot;:&quot;full&quot;,&quot;background_background&quot;:&quot;classic&quot;}\">\n\t\t<div class=\"elementor-element elementor-element-4fe25ad5 e-con-full animated-slow e-flex elementor-invisible e-con e-child\" data-id=\"4fe25ad5\" data-element_type=\"container\" data-settings=\"{&quot;content_width&quot;:&quot;full&quot;,&quot;background_background&quot;:&quot;video&quot;,&quot;animation&quot;:&quot;fadeInUp&quot;,&quot;animation_delay&quot;:400,&quot;background_video_link&quot;:&quot;https:\\\/\\\/sfs.kompetentor.se\\\/wp-content\\\/uploads\\\/2023\\\/12\\\/Atmogen-Avokado.mp4&quot;,&quot;background_play_on_mobile&quot;:&quot;yes&quot;}\">\n\t\t<div class=\"elementor-background-video-container\">\n\t\t\t\t\t\t\t<video class=\"elementor-background-video-hosted elementor-html5-video\" autoplay muted playsinline loop><\/video>\n\t\t\t\t\t<\/div><div class=\"elementor-element elementor-element-51b59d69 e-flex e-con-boxed e-con e-child\" data-id=\"51b59d69\" data-element_type=\"container\" data-settings=\"{&quot;background_background&quot;:&quot;classic&quot;,&quot;content_width&quot;:&quot;boxed&quot;}\">\n\t\t\t\t\t<div class=\"e-con-inner\">\n\t\t\t\t<div class=\"elementor-element elementor-element-71ab9302 elementor-widget elementor-widget-heading\" data-id=\"71ab9302\" data-element_type=\"widget\" data-widget_type=\"heading.default\">\n\t\t\t\t<div class=\"elementor-widget-container\">\n\t\t\t<h2 class=\"elementor-heading-title elementor-size-default\">Avocado<\/h2>\t\t<\/div>\n\t\t\t\t<\/div>\n\t\t\t\t\t<\/div>\n\t\t\t\t<\/div>\n\t\t\t\t<\/div>\n\t\t<div class=\"elementor-element elementor-element-3e95fb8e e-con-full animated-slow e-flex elementor-invisible e-con e-child\" data-id=\"3e95fb8e\" data-element_type=\"container\" data-settings=\"{&quot;content_width&quot;:&quot;full&quot;,&quot;animation&quot;:&quot;fadeInRight&quot;}\">\n\t\t\t\t<div class=\"elementor-element elementor-element-13c76f32 elementor-widget elementor-widget-heading\" data-id=\"13c76f32\" data-element_type=\"widget\" data-widget_type=\"heading.default\">\n\t\t\t\t<div class=\"elementor-widget-container\">\n\t\t\t<h2 class=\"elementor-heading-title elementor-size-default\">Ripe avocado<\/h2>\t\t<\/div>\n\t\t\t\t<\/div>\n\t\t\t\t<div class=\"elementor-element elementor-element-52b03a9b elementor-widget elementor-widget-text-editor\" data-id=\"52b03a9b\" data-element_type=\"widget\" data-widget_type=\"text-editor.default\">\n\t\t\t\t<div class=\"elementor-widget-container\">\n\t\t\t\t\t\t\t<h3>The best ripe avocado for sushi and salad<\/h3><p>We have long experience of importing avocados ourselves, we are specialists in importing ripe avocados which are highly appreciated by many. Ripe avocados are perfect for sushi and salad.<\/p>\t\t\t\t\t\t<\/div>\n\t\t\t\t<\/div>\n\t\t\t\t<\/div>\n\t\t\t\t<\/div>\n\t\t<div class=\"elementor-element elementor-element-33a13a93 e-con-full e-flex e-con e-child\" data-id=\"33a13a93\" data-element_type=\"container\" data-settings=\"{&quot;content_width&quot;:&quot;full&quot;,&quot;background_background&quot;:&quot;classic&quot;}\">\n\t\t<div class=\"elementor-element elementor-element-1025bb24 e-con-full animated-slow e-flex elementor-invisible e-con e-child\" data-id=\"1025bb24\" data-element_type=\"container\" data-settings=\"{&quot;content_width&quot;:&quot;full&quot;,&quot;background_background&quot;:&quot;classic&quot;,&quot;animation&quot;:&quot;fadeInUp&quot;,&quot;animation_delay&quot;:400}\">\n\t\t<div class=\"elementor-element elementor-element-3c9477e e-flex e-con-boxed e-con e-child\" data-id=\"3c9477e\" data-element_type=\"container\" data-settings=\"{&quot;background_background&quot;:&quot;classic&quot;,&quot;content_width&quot;:&quot;boxed&quot;}\">\n\t\t\t\t\t<div class=\"e-con-inner\">\n\t\t\t\t<div class=\"elementor-element elementor-element-530b5a2e elementor-widget elementor-widget-heading\" data-id=\"530b5a2e\" data-element_type=\"widget\" data-widget_type=\"heading.default\">\n\t\t\t\t<div class=\"elementor-widget-container\">\n\t\t\t<h2 class=\"elementor-heading-title elementor-size-default\">Dairy products<\/h2>\t\t<\/div>\n\t\t\t\t<\/div>\n\t\t\t\t\t<\/div>\n\t\t\t\t<\/div>\n\t\t\t\t<\/div>\n\t\t<div class=\"elementor-element elementor-element-7404637c e-con-full animated-slow e-flex elementor-invisible e-con e-child\" data-id=\"7404637c\" data-element_type=\"container\" data-settings=\"{&quot;content_width&quot;:&quot;full&quot;,&quot;animation&quot;:&quot;fadeInRight&quot;}\">\n\t\t\t\t<div class=\"elementor-element elementor-element-5042a775 elementor-widget elementor-widget-heading\" data-id=\"5042a775\" data-element_type=\"widget\" data-widget_type=\"heading.default\">\n\t\t\t\t<div class=\"elementor-widget-container\">\n\t\t\t<h2 class=\"elementor-heading-title elementor-size-default\">Chilled &amp; dairy products<\/h2>\t\t<\/div>\n\t\t\t\t<\/div>\n\t\t\t\t<div class=\"elementor-element elementor-element-4d1487b9 elementor-widget elementor-widget-text-editor\" data-id=\"4d1487b9\" data-element_type=\"widget\" data-widget_type=\"text-editor.default\">\n\t\t\t\t<div class=\"elementor-widget-container\">\n\t\t\t\t\t\t\t<h3>Dairy products from local producers<\/h3><p>We have a large selection of local suppliers when it comes to dairy products. We collaborate with well known dairy producers, both local and from around Sweden but also from the rest of the world.\u00a0<\/p><p>The products we sell to you are often available with lactose-free options and we can order home everything you might need for your restaurant, cafe, bakery or hotel.<\/p><p>Some of our dairy products and chilled products:<\/p><ul><li>Milk<\/li><li>Cream<\/li><li>Cheese<\/li><li>Butter<\/li><li>Yoghurt<\/li><li>Egg<\/li><li>Mayonnaise<\/li><\/ul>\t\t\t\t\t\t<\/div>\n\t\t\t\t<\/div>\n\t\t\t\t<\/div>\n\t\t\t\t<\/div>\n\t\t<div class=\"elementor-element elementor-element-7b6235 e-con-full e-flex e-con e-child\" data-id=\"7b6235\" data-element_type=\"container\" id=\"kolonial\" data-settings=\"{&quot;content_width&quot;:&quot;full&quot;}\">\n\t\t<div class=\"elementor-element elementor-element-3d31cd17 e-con-full animated-slow e-flex elementor-invisible e-con e-child\" data-id=\"3d31cd17\" data-element_type=\"container\" data-settings=\"{&quot;content_width&quot;:&quot;full&quot;,&quot;background_background&quot;:&quot;classic&quot;,&quot;animation&quot;:&quot;fadeInUp&quot;,&quot;animation_delay&quot;:400}\">\n\t\t<div class=\"elementor-element elementor-element-7ec282d8 e-flex e-con-boxed e-con e-child\" data-id=\"7ec282d8\" data-element_type=\"container\" data-settings=\"{&quot;background_background&quot;:&quot;classic&quot;,&quot;content_width&quot;:&quot;boxed&quot;}\">\n\t\t\t\t\t<div class=\"e-con-inner\">\n\t\t\t\t<div class=\"elementor-element elementor-element-383cead elementor-widget elementor-widget-heading\" data-id=\"383cead\" data-element_type=\"widget\" data-widget_type=\"heading.default\">\n\t\t\t\t<div class=\"elementor-widget-container\">\n\t\t\t<h2 class=\"elementor-heading-title elementor-size-default\">Colonial goods<\/h2>\t\t<\/div>\n\t\t\t\t<\/div>\n\t\t\t\t\t<\/div>\n\t\t\t\t<\/div>\n\t\t\t\t<\/div>\n\t\t<div class=\"elementor-element elementor-element-2b53d006 e-con-full animated-slow e-flex elementor-invisible e-con e-child\" data-id=\"2b53d006\" data-element_type=\"container\" data-settings=\"{&quot;content_width&quot;:&quot;full&quot;,&quot;animation&quot;:&quot;fadeInRight&quot;}\">\n\t\t\t\t<div class=\"elementor-element elementor-element-132418ec elementor-widget elementor-widget-heading\" data-id=\"132418ec\" data-element_type=\"widget\" data-widget_type=\"heading.default\">\n\t\t\t\t<div class=\"elementor-widget-container\">\n\t\t\t<h2 class=\"elementor-heading-title elementor-size-default\">Colonial goods<\/h2>\t\t<\/div>\n\t\t\t\t<\/div>\n\t\t\t\t<div class=\"elementor-element elementor-element-2fcb6a14 elementor-widget elementor-widget-text-editor\" data-id=\"2fcb6a14\" data-element_type=\"widget\" data-widget_type=\"text-editor.default\">\n\t\t\t\t<div class=\"elementor-widget-container\">\n\t\t\t\t\t\t\t<p>When it comes to colonial goods, we buy in both from Sweden and the rest of the world. We make sure to buy in without middlemen and can because of that make sure to keep good prices for you as a customer.<\/p><h3>Some of our colonial goods:<\/h3><ul><li>Rise<\/li><li>Noodles<\/li><li>Pasta<\/li><li>Bread<\/li><li>Canned food<\/li><li>Flour<\/li><li>Spices<\/li><li>Sauces<\/li><\/ul>\t\t\t\t\t\t<\/div>\n\t\t\t\t<\/div>\n\t\t\t\t<\/div>\n\t\t\t\t<\/div>\n\t\t<div class=\"elementor-element elementor-element-447af60f e-con-full e-flex e-con e-child\" data-id=\"447af60f\" data-element_type=\"container\" id=\"frysta\" data-settings=\"{&quot;content_width&quot;:&quot;full&quot;}\">\n\t\t<div class=\"elementor-element elementor-element-7105509a e-con-full animated-slow e-flex elementor-invisible e-con e-child\" data-id=\"7105509a\" data-element_type=\"container\" data-settings=\"{&quot;content_width&quot;:&quot;full&quot;,&quot;background_background&quot;:&quot;classic&quot;,&quot;animation&quot;:&quot;fadeInUp&quot;,&quot;animation_delay&quot;:400}\">\n\t\t<div class=\"elementor-element elementor-element-6c85c66d e-flex e-con-boxed e-con e-child\" data-id=\"6c85c66d\" data-element_type=\"container\" data-settings=\"{&quot;background_background&quot;:&quot;classic&quot;,&quot;content_width&quot;:&quot;boxed&quot;}\">\n\t\t\t\t\t<div class=\"e-con-inner\">\n\t\t\t\t<div class=\"elementor-element elementor-element-ba2109 elementor-widget elementor-widget-heading\" data-id=\"ba2109\" data-element_type=\"widget\" data-widget_type=\"heading.default\">\n\t\t\t\t<div class=\"elementor-widget-container\">\n\t\t\t<h2 class=\"elementor-heading-title elementor-size-default\">Frozen products<\/h2>\t\t<\/div>\n\t\t\t\t<\/div>\n\t\t\t\t\t<\/div>\n\t\t\t\t<\/div>\n\t\t\t\t<\/div>\n\t\t<div class=\"elementor-element elementor-element-75f4400f e-con-full animated-slow e-flex elementor-invisible e-con e-child\" data-id=\"75f4400f\" data-element_type=\"container\" data-settings=\"{&quot;content_width&quot;:&quot;full&quot;,&quot;animation&quot;:&quot;fadeInRight&quot;}\">\n\t\t\t\t<div class=\"elementor-element elementor-element-2e98c8c7 elementor-widget elementor-widget-heading\" data-id=\"2e98c8c7\" data-element_type=\"widget\" data-widget_type=\"heading.default\">\n\t\t\t\t<div class=\"elementor-widget-container\">\n\t\t\t<h2 class=\"elementor-heading-title elementor-size-default\">Frozen products<\/h2>\t\t<\/div>\n\t\t\t\t<\/div>\n\t\t\t\t<div class=\"elementor-element elementor-element-4b3f9913 elementor-widget elementor-widget-text-editor\" data-id=\"4b3f9913\" data-element_type=\"widget\" data-widget_type=\"text-editor.default\">\n\t\t\t\t<div class=\"elementor-widget-container\">\n\t\t\t\t\t\t\t<p>With a large freezer warehouse, we can buy in the right amount and deliver to you at good prices.<\/p><h3>Some of our frozen products:<\/h3><ul><li>Berries &amp; fruits<\/li><li>Vegetables<\/li><li>Fries<\/li><li>Meat<\/li><li>Bird<\/li><li>Fish &amp; seafood<\/li><\/ul>\t\t\t\t\t\t<\/div>\n\t\t\t\t<\/div>\n\t\t\t\t<\/div>\n\t\t\t\t<\/div>\n\t\t<div class=\"elementor-element elementor-element-26d45346 e-con-full e-flex e-con e-child\" data-id=\"26d45346\" data-element_type=\"container\" id=\"kaffe\" data-settings=\"{&quot;content_width&quot;:&quot;full&quot;}\">\n\t\t<div class=\"elementor-element elementor-element-2f1f7471 e-con-full animated-slow e-flex elementor-invisible e-con e-child\" data-id=\"2f1f7471\" data-element_type=\"container\" data-settings=\"{&quot;content_width&quot;:&quot;full&quot;,&quot;background_background&quot;:&quot;classic&quot;,&quot;animation&quot;:&quot;fadeInUp&quot;,&quot;animation_delay&quot;:400}\">\n\t\t<div class=\"elementor-element elementor-element-7ba8bf1e e-flex e-con-boxed e-con e-child\" data-id=\"7ba8bf1e\" data-element_type=\"container\" data-settings=\"{&quot;background_background&quot;:&quot;classic&quot;,&quot;content_width&quot;:&quot;boxed&quot;}\">\n\t\t\t\t\t<div class=\"e-con-inner\">\n\t\t\t\t<div class=\"elementor-element elementor-element-14faf741 elementor-widget elementor-widget-heading\" data-id=\"14faf741\" data-element_type=\"widget\" data-widget_type=\"heading.default\">\n\t\t\t\t<div class=\"elementor-widget-container\">\n\t\t\t<h2 class=\"elementor-heading-title elementor-size-default\">Coffee &amp; tea<\/h2>\t\t<\/div>\n\t\t\t\t<\/div>\n\t\t\t\t\t<\/div>\n\t\t\t\t<\/div>\n\t\t\t\t<\/div>\n\t\t<div class=\"elementor-element elementor-element-2991026b e-con-full animated-slow e-flex elementor-invisible e-con e-child\" data-id=\"2991026b\" data-element_type=\"container\" data-settings=\"{&quot;content_width&quot;:&quot;full&quot;,&quot;animation&quot;:&quot;fadeInRight&quot;}\">\n\t\t\t\t<div class=\"elementor-element elementor-element-1cf74f09 elementor-widget elementor-widget-heading\" data-id=\"1cf74f09\" data-element_type=\"widget\" data-widget_type=\"heading.default\">\n\t\t\t\t<div class=\"elementor-widget-container\">\n\t\t\t<h2 class=\"elementor-heading-title elementor-size-default\">Coffee &amp; tea<\/h2>\t\t<\/div>\n\t\t\t\t<\/div>\n\t\t\t\t<div class=\"elementor-element elementor-element-3e62c92a elementor-widget elementor-widget-text-editor\" data-id=\"3e62c92a\" data-element_type=\"widget\" data-widget_type=\"text-editor.default\">\n\t\t\t\t<div class=\"elementor-widget-container\">\n\t\t\t\t\t\t\t<h3>Some of our products in coffee and tea:<\/h3><ul><li>Whole coffee beans<\/li><li>Ground coffee<\/li><li>Differens kinds of tea<\/li><\/ul>\t\t\t\t\t\t<\/div>\n\t\t\t\t<\/div>\n\t\t\t\t<\/div>\n\t\t\t\t<\/div>\n\t\t<div class=\"elementor-element elementor-element-1c59cd15 e-con-full e-flex e-con e-child\" data-id=\"1c59cd15\" data-element_type=\"container\" id=\"nonfood\" data-settings=\"{&quot;content_width&quot;:&quot;full&quot;}\">\n\t\t<div class=\"elementor-element elementor-element-1babc8ec e-con-full animated-slow e-flex elementor-invisible e-con e-child\" data-id=\"1babc8ec\" data-element_type=\"container\" data-settings=\"{&quot;content_width&quot;:&quot;full&quot;,&quot;background_background&quot;:&quot;classic&quot;,&quot;animation&quot;:&quot;fadeInUp&quot;,&quot;animation_delay&quot;:400}\">\n\t\t<div class=\"elementor-element elementor-element-7d3365aa e-flex e-con-boxed e-con e-child\" data-id=\"7d3365aa\" data-element_type=\"container\" data-settings=\"{&quot;background_background&quot;:&quot;classic&quot;,&quot;content_width&quot;:&quot;boxed&quot;}\">\n\t\t\t\t\t<div class=\"e-con-inner\">\n\t\t\t\t<div class=\"elementor-element elementor-element-661eacf6 elementor-widget elementor-widget-heading\" data-id=\"661eacf6\" data-element_type=\"widget\" data-widget_type=\"heading.default\">\n\t\t\t\t<div class=\"elementor-widget-container\">\n\t\t\t<h2 class=\"elementor-heading-title elementor-size-default\">Non-food<\/h2>\t\t<\/div>\n\t\t\t\t<\/div>\n\t\t\t\t\t<\/div>\n\t\t\t\t<\/div>\n\t\t\t\t<\/div>\n\t\t<div class=\"elementor-element elementor-element-3b74d284 e-con-full animated-slow e-flex elementor-invisible e-con e-child\" data-id=\"3b74d284\" data-element_type=\"container\" data-settings=\"{&quot;content_width&quot;:&quot;full&quot;,&quot;animation&quot;:&quot;fadeInRight&quot;}\">\n\t\t\t\t<div class=\"elementor-element elementor-element-8ed9b47 elementor-widget elementor-widget-heading\" data-id=\"8ed9b47\" data-element_type=\"widget\" data-widget_type=\"heading.default\">\n\t\t\t\t<div class=\"elementor-widget-container\">\n\t\t\t<h2 class=\"elementor-heading-title elementor-size-default\">Non-food &amp; disposable items<\/h2>\t\t<\/div>\n\t\t\t\t<\/div>\n\t\t\t\t<div class=\"elementor-element elementor-element-6473dbfd elementor-widget elementor-widget-text-editor\" data-id=\"6473dbfd\" data-element_type=\"widget\" data-widget_type=\"text-editor.default\">\n\t\t\t\t<div class=\"elementor-widget-container\">\n\t\t\t\t\t\t\t<h3>Some of our non-food and disposable items:<\/h3><ul><li>Carrying bags<\/li><li>Mugs<\/li><li>Salad bowls<\/li><li>Takeaway boxes<\/li><li>Sushi boxes<\/li><li>Disposable cutlery<\/li><li>Straws<\/li><li>Disposable gloves<\/li><li>Paper towels<\/li><\/ul>\t\t\t\t\t\t<\/div>\n\t\t\t\t<\/div>\n\t\t\t\t<\/div>\n\t\t\t\t<\/div>\n\t\t\t\t<\/div>\n\t\t\t\t\t\t\t<\/div>","protected":false},"excerpt":{"rendered":"<p>Ett urval av v\u00e5ra produkter Sydsveriges fr\u00e4schaste HoReCa-grossist med stor kunskap p\u00e5 frukt, gr\u00f6nsaker, kolonialvaror, frysvaror och mejerier. Frukt &#038; gr\u00f6nt Frukt &#038; Gr\u00f6nt fr\u00e5n Svensk FoodService Alltid f\u00e4rska gr\u00f6nsaker! Vi f\u00e5r dagligen hem leveranser med frukt och gr\u00f6nt fr\u00e5n b\u00e5de svenska odlare och utomlands. Utan mellanh\u00e4nder s\u00e4kerst\u00e4ller vi att ledtiden fr\u00e5n det att produkten [&hellip;]<\/p>","protected":false},"author":1,"featured_media":0,"parent":0,"menu_order":0,"comment_status":"closed","ping_status":"closed","template":"","meta":{"footnotes":""},"class_list":["post-24","page","type-page","status-publish","hentry"],"_links":{"self":[{"href":"https:\/\/www.svenskfoodservice.se\/en\/wp-json\/wp\/v2\/pages\/24","targetHints":{"allow":["GET"]}}],"collection":[{"href":"https:\/\/www.svenskfoodservice.se\/en\/wp-json\/wp\/v2\/pages"}],"about":[{"href":"https:\/\/www.svenskfoodservice.se\/en\/wp-json\/wp\/v2\/types\/page"}],"author":[{"embeddable":true,"href":"https:\/\/www.svenskfoodservice.se\/en\/wp-json\/wp\/v2\/users\/1"}],"replies":[{"embeddable":true,"href":"https:\/\/www.svenskfoodservice.se\/en\/wp-json\/wp\/v2\/comments?post=24"}],"version-history":[{"count":19,"href":"https:\/\/www.svenskfoodservice.se\/en\/wp-json\/wp\/v2\/pages\/24\/revisions"}],"predecessor-version":[{"id":121,"href":"https:\/\/www.svenskfoodservice.se\/en\/wp-json\/wp\/v2\/pages\/24\/revisions\/121"}],"wp:attachment":[{"href":"https:\/\/www.svenskfoodservice.se\/en\/wp-json\/wp\/v2\/media?parent=24"}],"curies":[{"name":"wp","href":"https:\/\/api.w.org\/{rel}","templated":true}]}}